{"id":89,"date":"2024-09-03T12:16:33","date_gmt":"2024-09-03T10:16:33","guid":{"rendered":"https:\/\/haetsaltour.fr\/?page_id=89"},"modified":"2025-06-22T22:50:11","modified_gmt":"2025-06-22T20:50:11","slug":"notre-programme-tour-en-groupe","status":"publish","type":"page","link":"https:\/\/haetsaltour.fr\/index.php\/notre-programme-tour-en-groupe\/","title":{"rendered":"TOUR SAKURA"},"content":{"rendered":"<p class=\"has-text-align-center has-large-font-size\">TOUR EN GROUPE 2026<\/p><p class=\"has-text-align-center has-medium-font-size\"><strong>(Pour 10 personnes)<\/strong><\/p><div class=\"wp-block-group alignfull has-accent-background-color has-background has-global-padding is-layout-constrained wp-container-core-group-is-layout-669513ed wp-block-group-is-layout-constrained\" style=\"margin-top:0;margin-bottom:0;padding-top:var(--wp--preset--spacing--50);padding-right:var(--wp--preset--spacing--50);padding-bottom:var(--wp--preset--spacing--50);padding-left:var(--wp--preset--spacing--50)\"><div class=\"wp-block-columns alignwide is-layout-flex wp-container-core-columns-is-layout-1da03c2a wp-block-columns-is-layout-flex\"><div class=\"wp-block-column is-vertically-aligned-stretch is-layout-flow wp-block-column-is-layout-flow\" style=\"flex-basis:50%\"><div class=\"wp-block-group is-vertical is-content-justification-stretch is-layout-flex wp-container-core-group-is-layout-444d5ee8 wp-block-group-is-layout-flex\" style=\"min-height:100%\"><p class=\"has-heading-font-family\" style=\"font-size:clamp(0.875rem, 0.875rem + ((1vw - 0.2rem) * 0.708), 1.3rem);line-height:1.2\">Nos visites de groupe, con\u00e7ues pour vous offrir un confort maximal et une immersion totale en Cor\u00e9e du Sud. D\u00e8s votre arriv\u00e9e \u00e0 l&#8217;a\u00e9roport, nous prenons tout en charge: Transferts, visites, activit\u00e9s, h\u00e9bergement\u2026<\/p>\n\n<p class=\"has-heading-font-family wp-container-content-9cfa9a5a\" style=\"font-size:clamp(0.875rem, 0.875rem + ((1vw - 0.2rem) * 0.708), 1.3rem);line-height:1.2\"> Venez vivre un tour programm\u00e9 avec soin, o\u00f9 vous n&#8217;avez qu&#8217;\u00e0 vous laisser guider. Nous nous occupons de tout, jusqu&#8217;\u00e0 votre d\u00e9part.<\/p>\n\n<p class=\"has-heading-font-family wp-container-content-9cfa9a5a\" style=\"font-size:clamp(0.875rem, 0.875rem + ((1vw - 0.2rem) * 0.708), 1.3rem);line-height:1.2\">Nous veillons \u00e9galement \u00e0 ce que vous vous sentiez libre tout au long de l&#8217;exp\u00e9rience.<\/p>\n\n<p><\/p><\/div><\/div>\n\n<div class=\"wp-block-column is-vertically-aligned-center is-layout-flow wp-block-column-is-layout-flow\" style=\"flex-basis:50%\"><figure class=\"wp-block-image is-resized has-custom-border is-style-default wp-duotone-unset-1\"><img loading=\"lazy\" decoding=\"async\" width=\"1536\" height=\"1536\" src=\"https:\/\/haetsaltour.fr\/wp-content\/uploads\/2024\/09\/3D8656A7-3F55-440A-99EB-DD37E87B387B-1-edited.jpg\" alt=\"\" class=\"wp-image-100\" style=\"border-style:none;border-width:0px;border-radius:0px;object-fit:cover;width:332px;height:auto\" srcset=\"https:\/\/haetsaltour.fr\/wp-content\/uploads\/2024\/09\/3D8656A7-3F55-440A-99EB-DD37E87B387B-1-edited.jpg 1536w, https:\/\/haetsaltour.fr\/wp-content\/uploads\/2024\/09\/3D8656A7-3F55-440A-99EB-DD37E87B387B-1-edited-300x300.jpg 300w, https:\/\/haetsaltour.fr\/wp-content\/uploads\/2024\/09\/3D8656A7-3F55-440A-99EB-DD37E87B387B-1-edited-1024x1024.jpg 1024w, https:\/\/haetsaltour.fr\/wp-content\/uploads\/2024\/09\/3D8656A7-3F55-440A-99EB-DD37E87B387B-1-edited-150x150.jpg 150w, https:\/\/haetsaltour.fr\/wp-content\/uploads\/2024\/09\/3D8656A7-3F55-440A-99EB-DD37E87B387B-1-edited-768x768.jpg 768w\" sizes=\"auto, (max-width: 1536px) 100vw, 1536px\" \/><\/figure><\/div><\/div><\/div><p><\/p><h2 class=\"wp-block-heading alignwide has-text-align-center is-style-default has-x-large-font-size\">Programme 2026<\/h2><figure class=\"wp-block-image aligncenter size-large is-resized\"><img loading=\"lazy\" decoding=\"async\" width=\"1024\" height=\"683\" src=\"http:\/\/haetsaltour.fr\/wp-content\/uploads\/2024\/09\/pexels-apasaric-2848492-1024x683.jpg\" alt=\"\" class=\"wp-image-108\" style=\"width:402px;height:auto\" srcset=\"https:\/\/haetsaltour.fr\/wp-content\/uploads\/2024\/09\/pexels-apasaric-2848492-1024x683.jpg 1024w, https:\/\/haetsaltour.fr\/wp-content\/uploads\/2024\/09\/pexels-apasaric-2848492-300x200.jpg 300w, https:\/\/haetsaltour.fr\/wp-content\/uploads\/2024\/09\/pexels-apasaric-2848492-768x512.jpg 768w, https:\/\/haetsaltour.fr\/wp-content\/uploads\/2024\/09\/pexels-apasaric-2848492-1536x1024.jpg 1536w, https:\/\/haetsaltour.fr\/wp-content\/uploads\/2024\/09\/pexels-apasaric-2848492-2048x1365.jpg 2048w\" sizes=\"auto, (max-width: 1024px) 100vw, 1024px\" \/><\/figure><details class=\"wp-block-details alignwide is-style-default is-layout-flow wp-block-details-is-layout-flow\" style=\"font-size:clamp(0.875rem, 0.875rem + ((1vw - 0.2rem) * 0.708), 1.3rem);\"><summary>* Le programme peut \u00eatre modifi\u00e9 en accord avec les organisateurs et les participants.<\/summary><p class=\"has-text-align-center\"><\/p><\/details><details class=\"wp-block-details alignwide is-layout-flow wp-block-details-is-layout-flow\" style=\"font-size:clamp(0.875rem, 0.875rem + ((1vw - 0.2rem) * 0.708), 1.3rem);\"><summary>* Si des festivals, concerts ou \u00e9v\u00e9nement int\u00e9ressants ont lieu, nous pourrons les ajouter au programme.<br><br><\/summary><p class=\"has-text-align-center\"><\/p><\/details><h2 class=\"wp-block-heading has-text-align-center has-accent-3-color has-text-color has-link-color has-system-serif-font-family has-x-large-font-size wp-elements-3c9700eb07e29fde135d29306499cfbd\"><strong>TOUR SAKURA<\/strong><\/h2><p class=\"has-text-align-center\"><strong>(Pour 10 personnes)<\/strong><\/p><p class=\"has-accent-3-color has-text-color has-link-color has-system-serif-font-family has-large-font-size wp-elements-b30fd0c5b221a871cfb7b6950f182930\"><strong> <\/strong><\/p><p class=\"has-text-align-center has-accent-3-color has-text-color has-link-color has-system-serif-font-family has-large-font-size wp-elements-48fcc2bb87f401ec2ed024c9e10270c9\">Programme \u00e0 venir<\/p><p class=\"has-accent-3-color has-text-color has-link-color has-system-serif-font-family has-large-font-size wp-elements-4ab5a5e7adc41cadaf3795c8963b554e\"><\/p><figure class=\"wp-block-image aligncenter size-large is-resized\"><img loading=\"lazy\" decoding=\"async\" width=\"1024\" height=\"576\" src=\"http:\/\/haetsaltour.fr\/wp-content\/uploads\/2024\/10\/bts-bye-1024x576.jpg\" alt=\"\" class=\"wp-image-496\" style=\"width:755px;height:auto\" srcset=\"https:\/\/haetsaltour.fr\/wp-content\/uploads\/2024\/10\/bts-bye-1024x576.jpg 1024w, https:\/\/haetsaltour.fr\/wp-content\/uploads\/2024\/10\/bts-bye-300x169.jpg 300w, https:\/\/haetsaltour.fr\/wp-content\/uploads\/2024\/10\/bts-bye-768x432.jpg 768w, https:\/\/haetsaltour.fr\/wp-content\/uploads\/2024\/10\/bts-bye-600x338.jpg 600w, https:\/\/haetsaltour.fr\/wp-content\/uploads\/2024\/10\/bts-bye.jpg 1280w\" sizes=\"auto, (max-width: 1024px) 100vw, 1024px\" \/><\/figure><div class=\"wp-block-group alignfull has-contrast-color has-accent-2-background-color has-text-color has-background has-link-color wp-elements-0470c8dc081f68da801ccb78e5364bc3 has-global-padding is-layout-constrained wp-container-core-group-is-layout-669513ed wp-block-group-is-layout-constrained\" style=\"margin-top:0;margin-bottom:0;padding-top:var(--wp--preset--spacing--50);padding-right:var(--wp--preset--spacing--50);padding-bottom:var(--wp--preset--spacing--50);padding-left:var(--wp--preset--spacing--50);font-size:clamp(14px, 0.875rem + ((1vw - 3.2px) * 0.625), 20px);\"><h2 class=\"wp-block-heading has-text-align-center has-system-serif-font-family wp-container-content-9cfa9a5a\" style=\"font-size:clamp(1.837rem, 1.837rem + ((1vw - 0.2rem) * 2.272), 3.2rem);\"><strong>Conditions <\/strong><\/h2>\n\n<p class=\"has-system-sans-serif-font-family\" style=\"font-size:clamp(1.092rem, 1.092rem + ((1vw - 0.2rem) * 1.013), 1.7rem);\"><strong>Dur\u00e9e :<\/strong> <strong>7 nuits \/ 8 jours<\/strong><\/p>\n\n<p class=\"has-system-sans-serif-font-family\" style=\"font-size:clamp(0.875rem, 0.875rem + ((1vw - 0.2rem) * 0.708), 1.3rem);\">*Sur demande, nous pouvons \u00e9galement vous aider \u00e0 organiser la suite de votre s\u00e9jour \u00e0 S\u00e9oul \u00e0 la fin de notre tour.<\/p>\n\n<p class=\"has-system-sans-serif-font-family\" style=\"font-size:clamp(0.929rem, 0.929rem + ((1vw - 0.2rem) * 0.785), 1.4rem);\"><strong>Acompte:<\/strong> Un acompte de <strong>50%<\/strong> du montant total est requis.<\/p>\n\n<p class=\"has-system-sans-serif-font-family\" style=\"font-size:clamp(0.875rem, 0.875rem + ((1vw - 0.2rem) * 0.708), 1.3rem);\">*Le restant du solde doit \u00eatre pay\u00e9 un mois avant le jour-J. Possibilit\u00e9 de paiement en plusieurs fois en respectant les d\u00e9lais du contrat.<\/p>\n\n<p class=\"has-system-sans-serif-font-family\" style=\"font-size:clamp(0.929rem, 0.929rem + ((1vw - 0.2rem) * 0.785), 1.4rem);\"><strong>Assistance :<\/strong> Nous vous assurons un accompagnement complet du d\u00e9but jusqu&#8217;\u00e0 la fin de votre s\u00e9jour.<\/p>\n\n<p class=\"has-system-sans-serif-font-family\" style=\"font-size:clamp(0.929rem, 0.929rem + ((1vw - 0.2rem) * 0.785), 1.4rem);\"><strong>Les participants de notre tour :<\/strong> Tout le monde est le bienvenu, ne craignez pas de venir seul car vous vous ferez rapidement des amis au long de l&#8217;exp\u00e9rience.<\/p>\n\n<details class=\"wp-block-details has-medium-font-size is-layout-flow wp-block-details-is-layout-flow\"><summary>Il est n\u00e9cessaire d&#8217;\u00eatre majeur ou accompagn\u00e9 d&#8217;un parent<\/summary><p><\/p><\/details>\n\n<p class=\"has-system-sans-serif-font-family\" style=\"font-size:clamp(14.642px, 0.915rem + ((1vw - 3.2px) * 0.766), 22px);\"><strong>Services suppl\u00e9mentaires :<\/strong> Nous pouvons vous aider \u00e9galement pour les r\u00e9servation de billet d&#8217;avion ainsi que les demande de visas.<\/p>\n\n<div class=\"wp-block-columns is-layout-flex wp-container-core-columns-is-layout-28f84493 wp-block-columns-is-layout-flex\"><div class=\"wp-block-column is-layout-flow wp-block-column-is-layout-flow\" style=\"flex-basis:100%\"><figure class=\"wp-block-image aligncenter is-resized is-style-rectangular\"><img decoding=\"async\" src=\"https:\/\/haetsaltour.fr\/wp-content\/uploads\/2024\/09\/wonwoo-1024x995.jpg\" alt=\"\" style=\"width:488px;height:auto\"\/><\/figure><\/div><\/div>\n\n<div style=\"height:var(--wp--preset--spacing--40)\" aria-hidden=\"true\" class=\"wp-block-spacer\"><\/div>\n\n<div class=\"wp-block-buttons is-layout-flex wp-block-buttons-is-layout-flex\"><div class=\"wp-block-button\"><a class=\"wp-block-button__link has-text-align-center wp-element-button\" href=\"https:\/\/haetsaltour.fr\/index.php\/292-2\/\">PLUS D&#8217;INFORMATIONS<\/a><\/div><\/div><\/div><div class=\"wp-block-columns alignwide is-layout-flex wp-container-core-columns-is-layout-28f84493 wp-block-columns-is-layout-flex\"><div class=\"wp-block-column is-layout-flow wp-block-column-is-layout-flow\" style=\"flex-basis:50%\"><div class=\"wp-block-group is-content-justification-space-between is-layout-flex wp-container-core-group-is-layout-e5edad21 wp-block-group-is-layout-flex\"><div class=\"wp-block-group is-vertical is-content-justification-stretch is-layout-flex wp-container-core-group-is-layout-353c4f5a wp-block-group-is-layout-flex\"><h2 class=\"wp-block-heading has-medium-font-size has-body-font-family\" style=\"font-style:normal;font-weight:600\">Haetsal Tour<\/h2>\n\n<div class=\"wp-block-site-logo\"><a href=\"https:\/\/haetsaltour.fr\/\" class=\"custom-logo-link\" rel=\"home\"><img loading=\"lazy\" decoding=\"async\" width=\"192\" height=\"114\" src=\"https:\/\/haetsaltour.fr\/wp-content\/uploads\/2024\/09\/LOGO-HAETSAL-5.png\" class=\"custom-logo\" alt=\"HAETSAL TOUR\" srcset=\"https:\/\/haetsaltour.fr\/wp-content\/uploads\/2024\/09\/LOGO-HAETSAL-5.png 640w, https:\/\/haetsaltour.fr\/wp-content\/uploads\/2024\/09\/LOGO-HAETSAL-5-300x179.png 300w, https:\/\/haetsaltour.fr\/wp-content\/uploads\/2024\/09\/LOGO-HAETSAL-5-600x358.png 600w\" sizes=\"auto, (max-width: 192px) 100vw, 192px\" \/><\/a><\/div><\/div>\n\n<div class=\"wp-block-group is-vertical is-content-justification-stretch is-layout-flex wp-container-core-group-is-layout-353c4f5a wp-block-group-is-layout-flex\"><h2 class=\"wp-block-heading has-medium-font-size has-body-font-family\" style=\"font-style:normal;font-weight:600\">Confidentialit\u00e9<\/h2>\n\n<div class=\"wp-block-group is-vertical is-layout-flex wp-container-core-group-is-layout-ea0cb840 wp-block-group-is-layout-flex\"><nav style=\"font-style:normal;font-weight:400;\" class=\"has-small-font-size  is-vertical wp-block-navigation is-layout-flex wp-container-core-navigation-is-layout-ea0cb840 wp-block-navigation-is-layout-flex\" aria-label=\"Navigation 5\"><ul style=\"font-style:normal;font-weight:400;\" class=\"wp-block-navigation__container has-small-font-size  is-vertical wp-block-navigation has-small-font-size\"><li class=\"has-small-font-size wp-block-navigation-item wp-block-navigation-link\"><a class=\"wp-block-navigation-item__content\"  href=\"https:\/\/haetsaltour.fr\/index.php\/politique-de-confidentialite\/\"><span class=\"wp-block-navigation-item__label\">Politique de confidentialit\u00e9<\/span><\/a><\/li><li class=\"has-small-font-size wp-block-navigation-item wp-block-navigation-link\"><a class=\"wp-block-navigation-item__content\"  href=\"https:\/\/haetsaltour.fr\/index.php\/conditions-generales-de-vente\/\"><span class=\"wp-block-navigation-item__label\">Conditions g\u00e9n\u00e9rales<\/span><\/a><\/li><\/ul><\/nav><\/div><\/div>\n\n<div class=\"wp-block-group is-vertical is-content-justification-stretch is-layout-flex wp-container-core-group-is-layout-353c4f5a wp-block-group-is-layout-flex\"><div class=\"wp-block-group is-vertical is-layout-flex wp-container-core-group-is-layout-ea0cb840 wp-block-group-is-layout-flex\"><div class=\"wp-block-jetpack-send-a-message\"><\/div><\/div><\/div><\/div><\/div><\/div><ul class=\"wp-block-social-links aligncenter is-content-justification-center is-layout-flex wp-container-core-social-links-is-layout-a89b3969 wp-block-social-links-is-layout-flex\"><li class=\"wp-social-link wp-social-link-instagram  wp-block-social-link\"><a href=\"https:\/\/www.instagram.com\/haetsaltour7\/\" class=\"wp-block-social-link-anchor\"><svg width=\"24\" height=\"24\" viewBox=\"0 0 24 24\" version=\"1.1\" xmlns=\"http:\/\/www.w3.org\/2000\/svg\" aria-hidden=\"true\" focusable=\"false\"><path d=\"M12,4.622c2.403,0,2.688,0.009,3.637,0.052c0.877,0.04,1.354,0.187,1.671,0.31c0.42,0.163,0.72,0.358,1.035,0.673 c0.315,0.315,0.51,0.615,0.673,1.035c0.123,0.317,0.27,0.794,0.31,1.671c0.043,0.949,0.052,1.234,0.052,3.637 s-0.009,2.688-0.052,3.637c-0.04,0.877-0.187,1.354-0.31,1.671c-0.163,0.42-0.358,0.72-0.673,1.035 c-0.315,0.315-0.615,0.51-1.035,0.673c-0.317,0.123-0.794,0.27-1.671,0.31c-0.949,0.043-1.233,0.052-3.637,0.052 s-2.688-0.009-3.637-0.052c-0.877-0.04-1.354-0.187-1.671-0.31c-0.42-0.163-0.72-0.358-1.035-0.673 c-0.315-0.315-0.51-0.615-0.673-1.035c-0.123-0.317-0.27-0.794-0.31-1.671C4.631,14.688,4.622,14.403,4.622,12 s0.009-2.688,0.052-3.637c0.04-0.877,0.187-1.354,0.31-1.671c0.163-0.42,0.358-0.72,0.673-1.035 c0.315-0.315,0.615-0.51,1.035-0.673c0.317-0.123,0.794-0.27,1.671-0.31C9.312,4.631,9.597,4.622,12,4.622 M12,3 C9.556,3,9.249,3.01,8.289,3.054C7.331,3.098,6.677,3.25,6.105,3.472C5.513,3.702,5.011,4.01,4.511,4.511 c-0.5,0.5-0.808,1.002-1.038,1.594C3.25,6.677,3.098,7.331,3.054,8.289C3.01,9.249,3,9.556,3,12c0,2.444,0.01,2.751,0.054,3.711 c0.044,0.958,0.196,1.612,0.418,2.185c0.23,0.592,0.538,1.094,1.038,1.594c0.5,0.5,1.002,0.808,1.594,1.038 c0.572,0.222,1.227,0.375,2.185,0.418C9.249,20.99,9.556,21,12,21s2.751-0.01,3.711-0.054c0.958-0.044,1.612-0.196,2.185-0.418 c0.592-0.23,1.094-0.538,1.594-1.038c0.5-0.5,0.808-1.002,1.038-1.594c0.222-0.572,0.375-1.227,0.418-2.185 C20.99,14.751,21,14.444,21,12s-0.01-2.751-0.054-3.711c-0.044-0.958-0.196-1.612-0.418-2.185c-0.23-0.592-0.538-1.094-1.038-1.594 c-0.5-0.5-1.002-0.808-1.594-1.038c-0.572-0.222-1.227-0.375-2.185-0.418C14.751,3.01,14.444,3,12,3L12,3z M12,7.378 c-2.552,0-4.622,2.069-4.622,4.622S9.448,16.622,12,16.622s4.622-2.069,4.622-4.622S14.552,7.378,12,7.378z M12,15 c-1.657,0-3-1.343-3-3s1.343-3,3-3s3,1.343,3,3S13.657,15,12,15z M16.804,6.116c-0.596,0-1.08,0.484-1.08,1.08 s0.484,1.08,1.08,1.08c0.596,0,1.08-0.484,1.08-1.08S17.401,6.116,16.804,6.116z\"><\/path><\/svg><span class=\"wp-block-social-link-label screen-reader-text\">Instagram<\/span><\/a><\/li>\n\n\n\n<li class=\"wp-social-link wp-social-link-mail  wp-block-social-link\"><a href=\"mailto:ha&#101;&#116;&#115;a&#108;tou&#114;&#064;&#103;m&#097;i&#108;.&#099;&#111;&#109;\" class=\"wp-block-social-link-anchor\"><svg width=\"24\" height=\"24\" viewBox=\"0 0 24 24\" version=\"1.1\" xmlns=\"http:\/\/www.w3.org\/2000\/svg\" aria-hidden=\"true\" focusable=\"false\"><path d=\"M19,5H5c-1.1,0-2,.9-2,2v10c0,1.1.9,2,2,2h14c1.1,0,2-.9,2-2V7c0-1.1-.9-2-2-2zm.5,12c0,.3-.2.5-.5.5H5c-.3,0-.5-.2-.5-.5V9.8l7.5,5.6,7.5-5.6V17zm0-9.1L12,13.6,4.5,7.9V7c0-.3.2-.5.5-.5h14c.3,0,.5.2.5.5v.9z\"><\/path><\/svg><span class=\"wp-block-social-link-label screen-reader-text\">E-mail<\/span><\/a><\/li>\n\n<li class=\"wp-social-link wp-social-link-whatsapp  wp-block-social-link\"><a href=\"https:\/\/wa.me\/+33652317747\" class=\"wp-block-social-link-anchor\"><svg width=\"24\" height=\"24\" viewBox=\"0 0 24 24\" version=\"1.1\" xmlns=\"http:\/\/www.w3.org\/2000\/svg\" aria-hidden=\"true\" focusable=\"false\"><path d=\"M 12.011719 2 C 6.5057187 2 2.0234844 6.478375 2.0214844 11.984375 C 2.0204844 13.744375 2.4814687 15.462563 3.3554688 16.976562 L 2 22 L 7.2324219 20.763672 C 8.6914219 21.559672 10.333859 21.977516 12.005859 21.978516 L 12.009766 21.978516 C 17.514766 21.978516 21.995047 17.499141 21.998047 11.994141 C 22.000047 9.3251406 20.962172 6.8157344 19.076172 4.9277344 C 17.190172 3.0407344 14.683719 2.001 12.011719 2 z M 12.009766 4 C 14.145766 4.001 16.153109 4.8337969 17.662109 6.3417969 C 19.171109 7.8517969 20.000047 9.8581875 19.998047 11.992188 C 19.996047 16.396187 16.413812 19.978516 12.007812 19.978516 C 10.674812 19.977516 9.3544062 19.642812 8.1914062 19.007812 L 7.5175781 18.640625 L 6.7734375 18.816406 L 4.8046875 19.28125 L 5.2851562 17.496094 L 5.5019531 16.695312 L 5.0878906 15.976562 C 4.3898906 14.768562 4.0204844 13.387375 4.0214844 11.984375 C 4.0234844 7.582375 7.6067656 4 12.009766 4 z M 8.4765625 7.375 C 8.3095625 7.375 8.0395469 7.4375 7.8105469 7.6875 C 7.5815469 7.9365 6.9355469 8.5395781 6.9355469 9.7675781 C 6.9355469 10.995578 7.8300781 12.182609 7.9550781 12.349609 C 8.0790781 12.515609 9.68175 15.115234 12.21875 16.115234 C 14.32675 16.946234 14.754891 16.782234 15.212891 16.740234 C 15.670891 16.699234 16.690438 16.137687 16.898438 15.554688 C 17.106437 14.971687 17.106922 14.470187 17.044922 14.367188 C 16.982922 14.263188 16.816406 14.201172 16.566406 14.076172 C 16.317406 13.951172 15.090328 13.348625 14.861328 13.265625 C 14.632328 13.182625 14.464828 13.140625 14.298828 13.390625 C 14.132828 13.640625 13.655766 14.201187 13.509766 14.367188 C 13.363766 14.534188 13.21875 14.556641 12.96875 14.431641 C 12.71875 14.305641 11.914938 14.041406 10.960938 13.191406 C 10.218937 12.530406 9.7182656 11.714844 9.5722656 11.464844 C 9.4272656 11.215844 9.5585938 11.079078 9.6835938 10.955078 C 9.7955938 10.843078 9.9316406 10.663578 10.056641 10.517578 C 10.180641 10.371578 10.223641 10.267562 10.306641 10.101562 C 10.389641 9.9355625 10.347156 9.7890625 10.285156 9.6640625 C 10.223156 9.5390625 9.737625 8.3065 9.515625 7.8125 C 9.328625 7.3975 9.131125 7.3878594 8.953125 7.3808594 C 8.808125 7.3748594 8.6425625 7.375 8.4765625 7.375 z\"><\/path><\/svg><span class=\"wp-block-social-link-label screen-reader-text\">WhatsApp<\/span><\/a><\/li>\n\n<li class=\"wp-social-link wp-social-link-whatsapp  wp-block-social-link\"><a href=\"https:\/\/wa.me\/+33660305999\" class=\"wp-block-social-link-anchor\"><svg width=\"24\" height=\"24\" viewBox=\"0 0 24 24\" version=\"1.1\" xmlns=\"http:\/\/www.w3.org\/2000\/svg\" aria-hidden=\"true\" focusable=\"false\"><path d=\"M 12.011719 2 C 6.5057187 2 2.0234844 6.478375 2.0214844 11.984375 C 2.0204844 13.744375 2.4814687 15.462563 3.3554688 16.976562 L 2 22 L 7.2324219 20.763672 C 8.6914219 21.559672 10.333859 21.977516 12.005859 21.978516 L 12.009766 21.978516 C 17.514766 21.978516 21.995047 17.499141 21.998047 11.994141 C 22.000047 9.3251406 20.962172 6.8157344 19.076172 4.9277344 C 17.190172 3.0407344 14.683719 2.001 12.011719 2 z M 12.009766 4 C 14.145766 4.001 16.153109 4.8337969 17.662109 6.3417969 C 19.171109 7.8517969 20.000047 9.8581875 19.998047 11.992188 C 19.996047 16.396187 16.413812 19.978516 12.007812 19.978516 C 10.674812 19.977516 9.3544062 19.642812 8.1914062 19.007812 L 7.5175781 18.640625 L 6.7734375 18.816406 L 4.8046875 19.28125 L 5.2851562 17.496094 L 5.5019531 16.695312 L 5.0878906 15.976562 C 4.3898906 14.768562 4.0204844 13.387375 4.0214844 11.984375 C 4.0234844 7.582375 7.6067656 4 12.009766 4 z M 8.4765625 7.375 C 8.3095625 7.375 8.0395469 7.4375 7.8105469 7.6875 C 7.5815469 7.9365 6.9355469 8.5395781 6.9355469 9.7675781 C 6.9355469 10.995578 7.8300781 12.182609 7.9550781 12.349609 C 8.0790781 12.515609 9.68175 15.115234 12.21875 16.115234 C 14.32675 16.946234 14.754891 16.782234 15.212891 16.740234 C 15.670891 16.699234 16.690438 16.137687 16.898438 15.554688 C 17.106437 14.971687 17.106922 14.470187 17.044922 14.367188 C 16.982922 14.263188 16.816406 14.201172 16.566406 14.076172 C 16.317406 13.951172 15.090328 13.348625 14.861328 13.265625 C 14.632328 13.182625 14.464828 13.140625 14.298828 13.390625 C 14.132828 13.640625 13.655766 14.201187 13.509766 14.367188 C 13.363766 14.534188 13.21875 14.556641 12.96875 14.431641 C 12.71875 14.305641 11.914938 14.041406 10.960938 13.191406 C 10.218937 12.530406 9.7182656 11.714844 9.5722656 11.464844 C 9.4272656 11.215844 9.5585938 11.079078 9.6835938 10.955078 C 9.7955938 10.843078 9.9316406 10.663578 10.056641 10.517578 C 10.180641 10.371578 10.223641 10.267562 10.306641 10.101562 C 10.389641 9.9355625 10.347156 9.7890625 10.285156 9.6640625 C 10.223156 9.5390625 9.737625 8.3065 9.515625 7.8125 C 9.328625 7.3975 9.131125 7.3878594 8.953125 7.3808594 C 8.808125 7.3748594 8.6425625 7.375 8.4765625 7.375 z\"><\/path><\/svg><span class=\"wp-block-social-link-label screen-reader-text\">WhatsApp<\/span><\/a><\/li><\/ul><p><\/p>","protected":false},"excerpt":{"rendered":"<p>TOUR EN GROUPE 2026 (Pour 10 personnes) Nos visites de groupe, con\u00e7ues pour vous offrir un confort maximal et une immersion totale en Cor\u00e9e du Sud. D\u00e8s votre arriv\u00e9e \u00e0 l&#8217;a\u00e9roport, nous prenons tout en charge: Transferts, visites, activit\u00e9s, h\u00e9bergement\u2026 Venez vivre un tour programm\u00e9 avec soin, o\u00f9 vous n&#8217;avez qu&#8217;\u00e0 vous laisser guider. Nous [&hellip;]<\/p>\n","protected":false},"author":1,"featured_media":0,"parent":0,"menu_order":0,"comment_status":"closed","ping_status":"closed","template":"","meta":{"footnotes":""},"class_list":["post-89","page","type-page","status-publish","hentry"],"jetpack_sharing_enabled":true,"_links":{"self":[{"href":"https:\/\/haetsaltour.fr\/index.php\/wp-json\/wp\/v2\/pages\/89","targetHints":{"allow":["GET"]}}],"collection":[{"href":"https:\/\/haetsaltour.fr\/index.php\/wp-json\/wp\/v2\/pages"}],"about":[{"href":"https:\/\/haetsaltour.fr\/index.php\/wp-json\/wp\/v2\/types\/page"}],"author":[{"embeddable":true,"href":"https:\/\/haetsaltour.fr\/index.php\/wp-json\/wp\/v2\/users\/1"}],"replies":[{"embeddable":true,"href":"https:\/\/haetsaltour.fr\/index.php\/wp-json\/wp\/v2\/comments?post=89"}],"version-history":[{"count":79,"href":"https:\/\/haetsaltour.fr\/index.php\/wp-json\/wp\/v2\/pages\/89\/revisions"}],"predecessor-version":[{"id":729,"href":"https:\/\/haetsaltour.fr\/index.php\/wp-json\/wp\/v2\/pages\/89\/revisions\/729"}],"wp:attachment":[{"href":"https:\/\/haetsaltour.fr\/index.php\/wp-json\/wp\/v2\/media?parent=89"}],"curies":[{"name":"wp","href":"https:\/\/api.w.org\/{rel}","templated":true}]}}